{"id":458,"date":"2022-12-12T18:59:48","date_gmt":"2022-12-12T21:59:48","guid":{"rendered":"https:\/\/wsolut.com\/?page_id=458"},"modified":"2022-12-12T19:00:10","modified_gmt":"2022-12-12T22:00:10","slug":"scientist-ads","status":"publish","type":"page","link":"https:\/\/wsolut.com\/es\/scientist-ads\/","title":{"rendered":"Scientist Ads"},"content":{"rendered":"<h1>Scientist Ads<\/h1>\n<p>Cientista Ads tem como objetivo marca presen\u00e7a nas m\u00eddias sociais, buscadores (como o Google ou Bing) App (Android ou Aple) dentro de app de jogos, app de academia, sa\u00fade o nicho que sua empresa estiver \u00e9 poss\u00edvel se conectar com o novos clientes. O cientista Ads tem que garantir um fluxo constante de clientes ou Leads, para isso, \u00e9 preciso criar e executar estrat\u00e9gias de Marketing que envolve o foco no seu p\u00fablico-alvo. Todos os dias surgem nonos dispositivos, atualiza\u00e7\u00f5es em redes sociais e novas redes e com isso oportunidades inesperadas que muitas vezes dependem do timing da equipe de marketing.<\/p>\n<p><strong>Algumas atividades<\/strong><\/p>\n<ul>\n<li><strong>Gest\u00e3o dos pain\u00e9is de administra\u00e7\u00e3o das ferramentas<\/strong>, para ter ideia cada ferramenta tem um painel para ser administrado (Facebook, tiktok, Google, Bing) al\u00e9m de outras ferramentas que s\u00e3o gest\u00e3o de impressa (publica conte\u00fado em v\u00e1rios sites relevante).<\/li>\n<li><strong>Planejamento de conte\u00fado e adequa\u00e7\u00e3o do conte\u00fado<\/strong> (meio de comunica\u00e7\u00e3o tem layout e quantidade de caracteres que poder\u00e1 ser usado ou n\u00e3o).<\/li>\n<li><strong>Agendamento e cronograma<\/strong> Agendar as publica\u00e7\u00f5es e promo\u00e7\u00f5es.<\/li>\n<li><strong>An\u00e1lise de resultados<\/strong>\n<ul>\n<li>Qual M\u00eddia mais resultou em vendas;<\/li>\n<li>Dias e hor\u00e1rios que mais vendeu;<\/li>\n<li>Tipos de CTA que mais geram a\u00e7\u00f5es;<\/li>\n<li>Comparativos mensais;<\/li>\n<li>Comparativos anuais;<\/li>\n<li>e muito mais&#8230;<\/li>\n<\/ul>\n<\/li>\n<\/ul>\n","protected":false},"excerpt":{"rendered":"<p>Scientist Ads Cientista Ads tem como objetivo marca presen\u00e7a nas m\u00eddias sociais, buscadores (como o Google ou Bing) App (Android [&hellip;]<\/p>\n","protected":false},"author":1,"featured_media":0,"parent":0,"menu_order":0,"comment_status":"closed","ping_status":"closed","template":"page-blank-title-center.php","meta":{"site-sidebar-layout":"default","site-content-layout":"","ast-site-content-layout":"default","site-content-style":"default","site-sidebar-style":"default","ast-global-header-display":"","ast-banner-title-visibility":"","ast-main-header-display":"","ast-hfb-above-header-display":"","ast-hfb-below-header-display":"","ast-hfb-mobile-header-display":"","site-post-title":"","ast-breadcrumbs-content":"","ast-featured-img":"","footer-sml-layout":"","ast-disable-related-posts":"","theme-transparent-header-meta":"","adv-header-id-meta":"","stick-header-meta":"","header-above-stick-meta":"","header-main-stick-meta":"","header-below-stick-meta":"","astra-migrate-meta-layouts":"default","ast-page-background-enabled":"default","ast-page-background-meta":{"desktop":{"background-color":"var(--ast-global-color-5)","background-image":"","background-repeat":"repeat","background-position":"center center","background-size":"auto","background-attachment":"scroll","background-type":"","background-media":"","overlay-type":"","overlay-color":"","overlay-opacity":"","overlay-gradient":""},"tablet":{"background-color":"","background-image":"","background-repeat":"repeat","background-position":"center center","background-size":"auto","background-attachment":"scroll","background-type":"","background-media":"","overlay-type":"","overlay-color":"","overlay-opacity":"","overlay-gradient":""},"mobile":{"background-color":"","background-image":"","background-repeat":"repeat","background-position":"center center","background-size":"auto","background-attachment":"scroll","background-type":"","background-media":"","overlay-type":"","overlay-color":"","overlay-opacity":"","overlay-gradient":""}},"ast-content-background-meta":{"desktop":{"background-color":"var(--ast-global-color-4)","background-image":"","background-repeat":"repeat","background-position":"center center","background-size":"auto","background-attachment":"scroll","background-type":"","background-media":"","overlay-type":"","overlay-color":"","overlay-opacity":"","overlay-gradient":""},"tablet":{"background-color":"var(--ast-global-color-4)","background-image":"","background-repeat":"repeat","background-position":"center center","background-size":"auto","background-attachment":"scroll","background-type":"","background-media":"","overlay-type":"","overlay-color":"","overlay-opacity":"","overlay-gradient":""},"mobile":{"background-color":"var(--ast-global-color-4)","background-image":"","background-repeat":"repeat","background-position":"center center","background-size":"auto","background-attachment":"scroll","background-type":"","background-media":"","overlay-type":"","overlay-color":"","overlay-opacity":"","overlay-gradient":""}},"footnotes":""},"class_list":["post-458","page","type-page","status-publish","hentry"],"_links":{"self":[{"href":"https:\/\/wsolut.com\/es\/wp-json\/wp\/v2\/pages\/458","targetHints":{"allow":["GET"]}}],"collection":[{"href":"https:\/\/wsolut.com\/es\/wp-json\/wp\/v2\/pages"}],"about":[{"href":"https:\/\/wsolut.com\/es\/wp-json\/wp\/v2\/types\/page"}],"author":[{"embeddable":true,"href":"https:\/\/wsolut.com\/es\/wp-json\/wp\/v2\/users\/1"}],"replies":[{"embeddable":true,"href":"https:\/\/wsolut.com\/es\/wp-json\/wp\/v2\/comments?post=458"}],"version-history":[{"count":0,"href":"https:\/\/wsolut.com\/es\/wp-json\/wp\/v2\/pages\/458\/revisions"}],"wp:attachment":[{"href":"https:\/\/wsolut.com\/es\/wp-json\/wp\/v2\/media?parent=458"}],"curies":[{"name":"wp","href":"https:\/\/api.w.org\/{rel}","templated":true}]}}