{"id":455,"date":"2022-12-12T16:04:53","date_gmt":"2022-12-12T19:04:53","guid":{"rendered":"https:\/\/wsolut.com\/?page_id=455"},"modified":"2022-12-12T19:02:03","modified_gmt":"2022-12-12T22:02:03","slug":"web-designe","status":"publish","type":"page","link":"https:\/\/wsolut.com\/es\/web-designe\/","title":{"rendered":"Web Designe"},"content":{"rendered":"<h1>Web Designer<\/h1>\n<p>web designer \u00e9 o profissional respons\u00e1vel pelo desenvolvimento e cria\u00e7\u00e3o das interfaces de um site, landing pages, e-mails marketing ou e-commerce. A interface s\u00e3o as p\u00e1ginas, que cont\u00e9m imagens, \u00edcones, textos, links e outros elementos gr\u00e1ficos.<br \/>\nWeb designer cria toda a parte visual do site ou e-commerce, permitindo que os usu\u00e1rios ou clientes comprem na loja virtual intuitivamente. Para isso, combina conhecimentos em programa\u00e7\u00e3o, design gr\u00e1fico e marketing.<\/p>\n<p>Web designer complementa sua atua\u00e7\u00e3o com as seguintes fun\u00e7\u00f5es:<\/p>\n<ul>\n<li>Cria\u00e7\u00e3o da arquitetura da informa\u00e7\u00e3o dos web projetos, conforme as necessidades das empresas e sistemas web;<\/li>\n<li>Aplica\u00e7\u00f5es estrat\u00e9gicas das paleta de cores da identidade visual da empresa;<\/li>\n<li>Aplica\u00e7\u00e3o da identidade visual da marca, fontes, cores, logo e outros elementos da empresa.<\/li>\n<\/ul>\n","protected":false},"excerpt":{"rendered":"<p>Web Designer web designer \u00e9 o profissional respons\u00e1vel pelo desenvolvimento e cria\u00e7\u00e3o das interfaces de um site, landing pages, e-mails [&hellip;]<\/p>\n","protected":false},"author":1,"featured_media":0,"parent":0,"menu_order":0,"comment_status":"closed","ping_status":"closed","template":"page-blank-title-center.php","meta":{"site-sidebar-layout":"default","site-content-layout":"","ast-site-content-layout":"default","site-content-style":"default","site-sidebar-style":"default","ast-global-header-display":"","ast-banner-title-visibility":"","ast-main-header-display":"","ast-hfb-above-header-display":"","ast-hfb-below-header-display":"","ast-hfb-mobile-header-display":"","site-post-title":"","ast-breadcrumbs-content":"","ast-featured-img":"","footer-sml-layout":"","ast-disable-related-posts":"","theme-transparent-header-meta":"","adv-header-id-meta":"","stick-header-meta":"","header-above-stick-meta":"","header-main-stick-meta":"","header-below-stick-meta":"","astra-migrate-meta-layouts":"default","ast-page-background-enabled":"default","ast-page-background-meta":{"desktop":{"background-color":"var(--ast-global-color-5)","background-image":"","background-repeat":"repeat","background-position":"center center","background-size":"auto","background-attachment":"scroll","background-type":"","background-media":"","overlay-type":"","overlay-color":"","overlay-opacity":"","overlay-gradient":""},"tablet":{"background-color":"","background-image":"","background-repeat":"repeat","background-position":"center center","background-size":"auto","background-attachment":"scroll","background-type":"","background-media":"","overlay-type":"","overlay-color":"","overlay-opacity":"","overlay-gradient":""},"mobile":{"background-color":"","background-image":"","background-repeat":"repeat","background-position":"center center","background-size":"auto","background-attachment":"scroll","background-type":"","background-media":"","overlay-type":"","overlay-color":"","overlay-opacity":"","overlay-gradient":""}},"ast-content-background-meta":{"desktop":{"background-color":"var(--ast-global-color-4)","background-image":"","background-repeat":"repeat","background-position":"center center","background-size":"auto","background-attachment":"scroll","background-type":"","background-media":"","overlay-type":"","overlay-color":"","overlay-opacity":"","overlay-gradient":""},"tablet":{"background-color":"var(--ast-global-color-4)","background-image":"","background-repeat":"repeat","background-position":"center center","background-size":"auto","background-attachment":"scroll","background-type":"","background-media":"","overlay-type":"","overlay-color":"","overlay-opacity":"","overlay-gradient":""},"mobile":{"background-color":"var(--ast-global-color-4)","background-image":"","background-repeat":"repeat","background-position":"center center","background-size":"auto","background-attachment":"scroll","background-type":"","background-media":"","overlay-type":"","overlay-color":"","overlay-opacity":"","overlay-gradient":""}},"footnotes":""},"class_list":["post-455","page","type-page","status-publish","hentry"],"_links":{"self":[{"href":"https:\/\/wsolut.com\/es\/wp-json\/wp\/v2\/pages\/455","targetHints":{"allow":["GET"]}}],"collection":[{"href":"https:\/\/wsolut.com\/es\/wp-json\/wp\/v2\/pages"}],"about":[{"href":"https:\/\/wsolut.com\/es\/wp-json\/wp\/v2\/types\/page"}],"author":[{"embeddable":true,"href":"https:\/\/wsolut.com\/es\/wp-json\/wp\/v2\/users\/1"}],"replies":[{"embeddable":true,"href":"https:\/\/wsolut.com\/es\/wp-json\/wp\/v2\/comments?post=455"}],"version-history":[{"count":0,"href":"https:\/\/wsolut.com\/es\/wp-json\/wp\/v2\/pages\/455\/revisions"}],"wp:attachment":[{"href":"https:\/\/wsolut.com\/es\/wp-json\/wp\/v2\/media?parent=455"}],"curies":[{"name":"wp","href":"https:\/\/api.w.org\/{rel}","templated":true}]}}