{"id":453,"date":"2022-12-12T15:49:56","date_gmt":"2022-12-12T18:49:56","guid":{"rendered":"https:\/\/wsolut.com\/?page_id=453"},"modified":"2022-12-12T19:01:59","modified_gmt":"2022-12-12T22:01:59","slug":"copywriter","status":"publish","type":"page","link":"https:\/\/wsolut.com\/es\/copywriter\/","title":{"rendered":"Copywriter"},"content":{"rendered":"<h2><strong>Copywriter\u00a0 e textos que vendem<\/strong><\/h2>\n<p>O copywriter \u00e9 um profissional, que cria textos para marketing para diferentes segmentos do mercado. Mais do que escrever bem, um copywriter domina a escrita com prop\u00f3sito focado em vendas. Apto a escrever an\u00fancios digitais, promovendo produtos e servi\u00e7os: landing pages, banners, roteiros para web v\u00eddeos, e-mail marketing, an\u00fancios patrocinados e posts para redes sociais. O poder das palavras \u00e9 decisivo no mundo dos neg\u00f3cios.<\/p>\n<h2><span style=\"font-size: 80%;\"><strong>T\u00e9cnicas e estrat\u00e9gias Copywriting<\/strong><\/span><\/h2>\n<p>Hist\u00f3ria e frases envolvente \u2013\u00a0 Storytelling.<\/p>\n<p>Persona: quem o texto ir\u00e1 impactar. N\u00e3o existe t\u00e9cnica de persuas\u00e3o universal.<\/p>\n<p>Definir a melhor abordagem e linguagem que ser\u00e3o usados.<\/p>\n<p>T\u00edtulos fortes: Devem ter s\u00edntese e ao mesmo tempo ser marcantes.<\/p>\n<p>Descubra elementos que o conectem com o p\u00fablico alvo.<\/p>\n<p>Dados e pesquisas para corroborar seus argumentos e aumentar o n\u00edvel de confian\u00e7a no que voc\u00ea diz;<\/p>\n<p>Quais as possibilidades de rejei\u00e7\u00e3o pelo leitor? Deve se antecipar e criar argumentos fortes.<\/p>\n<p>Hierarquiza\u00e7\u00e3o de informa\u00e7\u00f5es e conte\u00fado para deixar o texto mais efetivo<\/p>\n<p>O uso de repeti\u00e7\u00f5es de forma criativa e com intelig\u00eancia.<\/p>\n<p>Com a We Love Sell sua empresa ter\u00e1 os melhores profissional de <strong>copywriting <\/strong>trabalhando pro ativamente para melhorar as vendas seja online ou off.<\/p>\n<p>&nbsp;<\/p>\n<p>&nbsp;<\/p>\n","protected":false},"excerpt":{"rendered":"<p>Copywriter\u00a0 e textos que vendem O copywriter \u00e9 um profissional, que cria textos para marketing para diferentes segmentos do mercado. [&hellip;]<\/p>\n","protected":false},"author":1,"featured_media":0,"parent":0,"menu_order":0,"comment_status":"closed","ping_status":"closed","template":"page-blank-title-center.php","meta":{"site-sidebar-layout":"default","site-content-layout":"","ast-site-content-layout":"default","site-content-style":"default","site-sidebar-style":"default","ast-global-header-display":"","ast-banner-title-visibility":"","ast-main-header-display":"","ast-hfb-above-header-display":"","ast-hfb-below-header-display":"","ast-hfb-mobile-header-display":"","site-post-title":"","ast-breadcrumbs-content":"","ast-featured-img":"","footer-sml-layout":"","ast-disable-related-posts":"","theme-transparent-header-meta":"","adv-header-id-meta":"","stick-header-meta":"","header-above-stick-meta":"","header-main-stick-meta":"","header-below-stick-meta":"","astra-migrate-meta-layouts":"default","ast-page-background-enabled":"default","ast-page-background-meta":{"desktop":{"background-color":"var(--ast-global-color-5)","background-image":"","background-repeat":"repeat","background-position":"center center","background-size":"auto","background-attachment":"scroll","background-type":"","background-media":"","overlay-type":"","overlay-color":"","overlay-opacity":"","overlay-gradient":""},"tablet":{"background-color":"","background-image":"","background-repeat":"repeat","background-position":"center center","background-size":"auto","background-attachment":"scroll","background-type":"","background-media":"","overlay-type":"","overlay-color":"","overlay-opacity":"","overlay-gradient":""},"mobile":{"background-color":"","background-image":"","background-repeat":"repeat","background-position":"center center","background-size":"auto","background-attachment":"scroll","background-type":"","background-media":"","overlay-type":"","overlay-color":"","overlay-opacity":"","overlay-gradient":""}},"ast-content-background-meta":{"desktop":{"background-color":"var(--ast-global-color-4)","background-image":"","background-repeat":"repeat","background-position":"center center","background-size":"auto","background-attachment":"scroll","background-type":"","background-media":"","overlay-type":"","overlay-color":"","overlay-opacity":"","overlay-gradient":""},"tablet":{"background-color":"var(--ast-global-color-4)","background-image":"","background-repeat":"repeat","background-position":"center center","background-size":"auto","background-attachment":"scroll","background-type":"","background-media":"","overlay-type":"","overlay-color":"","overlay-opacity":"","overlay-gradient":""},"mobile":{"background-color":"var(--ast-global-color-4)","background-image":"","background-repeat":"repeat","background-position":"center center","background-size":"auto","background-attachment":"scroll","background-type":"","background-media":"","overlay-type":"","overlay-color":"","overlay-opacity":"","overlay-gradient":""}},"footnotes":""},"class_list":["post-453","page","type-page","status-publish","hentry"],"_links":{"self":[{"href":"https:\/\/wsolut.com\/es\/wp-json\/wp\/v2\/pages\/453","targetHints":{"allow":["GET"]}}],"collection":[{"href":"https:\/\/wsolut.com\/es\/wp-json\/wp\/v2\/pages"}],"about":[{"href":"https:\/\/wsolut.com\/es\/wp-json\/wp\/v2\/types\/page"}],"author":[{"embeddable":true,"href":"https:\/\/wsolut.com\/es\/wp-json\/wp\/v2\/users\/1"}],"replies":[{"embeddable":true,"href":"https:\/\/wsolut.com\/es\/wp-json\/wp\/v2\/comments?post=453"}],"version-history":[{"count":0,"href":"https:\/\/wsolut.com\/es\/wp-json\/wp\/v2\/pages\/453\/revisions"}],"wp:attachment":[{"href":"https:\/\/wsolut.com\/es\/wp-json\/wp\/v2\/media?parent=453"}],"curies":[{"name":"wp","href":"https:\/\/api.w.org\/{rel}","templated":true}]}}