{"id":1388,"date":"2023-01-21T09:59:54","date_gmt":"2023-01-21T12:59:54","guid":{"rendered":"https:\/\/wsolut.com\/?page_id=1388"},"modified":"2023-01-21T10:28:02","modified_gmt":"2023-01-21T13:28:02","slug":"landing-page","status":"publish","type":"page","link":"https:\/\/wsolut.com\/es\/landing-page\/","title":{"rendered":"Landing Page"},"content":{"rendered":"\t\t<div data-elementor-type=\"wp-page\" data-elementor-id=\"1388\" class=\"elementor elementor-1388\" data-elementor-settings=\"{&quot;ha_cmc_init_switcher&quot;:&quot;no&quot;}\" data-elementor-post-type=\"page\">\n\t\t\t\t\t\t<section class=\"elementor-section elementor-top-section elementor-element elementor-element-6f26981d elementor-section-full_width elementor-section-height-full elementor-section-height-default elementor-section-items-middle\" data-id=\"6f26981d\" data-element_type=\"section\" data-e-type=\"section\" data-settings=\"{&quot;background_background&quot;:&quot;classic&quot;,&quot;_ha_eqh_enable&quot;:false}\">\n\t\t\t\t\t\t<div class=\"elementor-container elementor-column-gap-default\">\n\t\t\t\t\t<div class=\"elementor-column elementor-col-33 elementor-top-column elementor-element elementor-element-c168aee\" data-id=\"c168aee\" data-element_type=\"column\" data-e-type=\"column\">\n\t\t\t<div class=\"elementor-widget-wrap\">\n\t\t\t\t\t\t\t<\/div>\n\t\t<\/div>\n\t\t\t\t<div class=\"elementor-column elementor-col-33 elementor-top-column elementor-element elementor-element-2d9f674d\" data-id=\"2d9f674d\" data-element_type=\"column\" data-e-type=\"column\">\n\t\t\t<div class=\"elementor-widget-wrap elementor-element-populated\">\n\t\t\t\t\t\t<div class=\"elementor-element elementor-element-3bb4b9ba elementor-widget elementor-widget-heading\" data-id=\"3bb4b9ba\" data-element_type=\"widget\" data-e-type=\"widget\" data-widget_type=\"heading.default\">\n\t\t\t\t<div class=\"elementor-widget-container\">\n\t\t\t\t\t<h1 class=\"elementor-heading-title elementor-size-default\">Landing Page<\/h1>\t\t\t\t<\/div>\n\t\t\t\t<\/div>\n\t\t\t\t<div class=\"elementor-element elementor-element-119a3724 elementor-widget elementor-widget-heading\" data-id=\"119a3724\" data-element_type=\"widget\" data-e-type=\"widget\" data-widget_type=\"heading.default\">\n\t\t\t\t<div class=\"elementor-widget-container\">\n\t\t\t\t\t<h2 class=\"elementor-heading-title elementor-size-default\">Personalize facilmente p\u00e1ginas de destino individuais para cada iniciativa com conte\u00fado personalizado e estilo otimizado para seu p\u00fablico-alvo.<\/h2>\t\t\t\t<\/div>\n\t\t\t\t<\/div>\n\t\t\t\t\t<\/div>\n\t\t<\/div>\n\t\t\t\t<div class=\"elementor-column elementor-col-33 elementor-top-column elementor-element elementor-element-7d11ba75\" data-id=\"7d11ba75\" data-element_type=\"column\" data-e-type=\"column\">\n\t\t\t<div class=\"elementor-widget-wrap\">\n\t\t\t\t\t\t\t<\/div>\n\t\t<\/div>\n\t\t\t\t\t<\/div>\n\t\t<\/section>\n\t\t\t\t<section class=\"elementor-section elementor-top-section elementor-element elementor-element-4b500af6 elementor-section-boxed elementor-section-height-default elementor-section-height-default\" data-id=\"4b500af6\" data-element_type=\"section\" data-e-type=\"section\" id=\"criar-landing-page\" data-settings=\"{&quot;_ha_eqh_enable&quot;:false}\">\n\t\t\t\t\t\t<div class=\"elementor-container elementor-column-gap-default\">\n\t\t\t\t\t<div class=\"elementor-column elementor-col-100 elementor-top-column elementor-element elementor-element-292d7ad1\" data-id=\"292d7ad1\" data-element_type=\"column\" data-e-type=\"column\">\n\t\t\t<div class=\"elementor-widget-wrap elementor-element-populated\">\n\t\t\t\t\t\t<section class=\"elementor-section elementor-inner-section elementor-element elementor-element-7021fe90 elementor-section-boxed elementor-section-height-default elementor-section-height-default\" data-id=\"7021fe90\" data-element_type=\"section\" data-e-type=\"section\" data-settings=\"{&quot;_ha_eqh_enable&quot;:false}\">\n\t\t\t\t\t\t<div class=\"elementor-container elementor-column-gap-default\">\n\t\t\t\t\t<div class=\"elementor-column elementor-col-100 elementor-inner-column elementor-element elementor-element-41afa506\" data-id=\"41afa506\" data-element_type=\"column\" data-e-type=\"column\">\n\t\t\t<div class=\"elementor-widget-wrap elementor-element-populated\">\n\t\t\t\t\t\t<div class=\"elementor-element elementor-element-3e4a2d24 elementor-widget elementor-widget-heading\" data-id=\"3e4a2d24\" data-element_type=\"widget\" data-e-type=\"widget\" data-widget_type=\"heading.default\">\n\t\t\t\t<div class=\"elementor-widget-container\">\n\t\t\t\t\t<h1 class=\"elementor-heading-title elementor-size-default\">Publique lindas landing pages!<\/h1>\t\t\t\t<\/div>\n\t\t\t\t<\/div>\n\t\t\t\t<div class=\"elementor-element elementor-element-7e00aeee elementor-widget elementor-widget-text-editor\" data-id=\"7e00aeee\" data-element_type=\"widget\" data-e-type=\"widget\" data-widget_type=\"text-editor.default\">\n\t\t\t\t<div class=\"elementor-widget-container\">\n\t\t\t\t\t\t\t\t\t<p>Com o tema Premium M\u00eddia Criativa TOP \u00e9 poss\u00edvel criar e lan\u00e7ar landing pages otimizadas, com um visual personalizando, deixando-as com a apar\u00eancia profissional da sua marca.<\/p>\t\t\t\t\t\t\t\t<\/div>\n\t\t\t\t<\/div>\n\t\t\t\t\t<\/div>\n\t\t<\/div>\n\t\t\t\t\t<\/div>\n\t\t<\/section>\n\t\t\t\t<section class=\"elementor-section elementor-inner-section elementor-element elementor-element-17215b6b elementor-section-boxed elementor-section-height-default elementor-section-height-default\" data-id=\"17215b6b\" data-element_type=\"section\" data-e-type=\"section\" data-settings=\"{&quot;_ha_eqh_enable&quot;:false}\">\n\t\t\t\t\t\t<div class=\"elementor-container elementor-column-gap-default\">\n\t\t\t\t\t<div class=\"elementor-column elementor-col-33 elementor-inner-column elementor-element elementor-element-1f772cc5\" data-id=\"1f772cc5\" data-element_type=\"column\" data-e-type=\"column\">\n\t\t\t<div class=\"elementor-widget-wrap elementor-element-populated\">\n\t\t\t\t\t\t<div class=\"elementor-element elementor-element-38675474 ha-infobox-media-dir-top elementor-widget elementor-widget-ha-infobox happy-addon ha-infobox\" data-id=\"38675474\" data-element_type=\"widget\" data-e-type=\"widget\" data-widget_type=\"ha-infobox.default\">\n\t\t\t\t<div class=\"elementor-widget-container\">\n\t\t\t\t\t\n\t\t\t\t\t<figure class=\"ha-infobox-figure ha-infobox-figure--icon\">\n\t\t\t\t<i class=\"fas fa-drafting-compass\"><\/i>\t\t\t<\/figure>\n\t\t\n\t\t<div class=\"ha-infobox-body\">\n\t\t\t<h2 class=\"ha-infobox-title\">Criar p\u00e1ginas para cada atividade<\/h2>\n\t\t\t\t\t\t\t<div class=\"ha-infobox-text\">\n\t\t\t\t\t<p>Crie p\u00e1ginas de destino compat\u00edveis com dispositivos m\u00f3veis para cada uma das suas ofertas, programas e campanhas com capacidade de rastreamento total que permite medir e impulsionar a convers\u00e3o.<\/p>\n\t\t\t\t<\/div>\n\t\t\t\n\t\t\t\t\t<\/div>\n\t\t\t\t\t\t<\/div>\n\t\t\t\t<\/div>\n\t\t\t\t\t<\/div>\n\t\t<\/div>\n\t\t\t\t<div class=\"elementor-column elementor-col-33 elementor-inner-column elementor-element elementor-element-73e9a627\" data-id=\"73e9a627\" data-element_type=\"column\" data-e-type=\"column\">\n\t\t\t<div class=\"elementor-widget-wrap elementor-element-populated\">\n\t\t\t\t\t\t<div class=\"elementor-element elementor-element-6f989940 ha-infobox-media-dir-top elementor-widget elementor-widget-ha-infobox happy-addon ha-infobox\" data-id=\"6f989940\" data-element_type=\"widget\" data-e-type=\"widget\" data-widget_type=\"ha-infobox.default\">\n\t\t\t\t<div class=\"elementor-widget-container\">\n\t\t\t\t\t\n\t\t\t\t\t<figure class=\"ha-infobox-figure ha-infobox-figure--icon\">\n\t\t\t\t<i class=\"far fa-window-restore\"><\/i>\t\t\t<\/figure>\n\t\t\n\t\t<div class=\"ha-infobox-body\">\n\t\t\t<h2 class=\"ha-infobox-title\">F\u00e1cil para todos<\/h2>\n\t\t\t\t\t\t\t<div class=\"ha-infobox-text\">\n\t\t\t\t\t<p>nterface de usu\u00e1rio simples para qualquer um em sua equipe criar e publicar p\u00e1ginas eliminando o gargalo das opera\u00e7\u00f5es de colocar seus programas em funcionamento.<\/p>\n\t\t\t\t<\/div>\n\t\t\t\n\t\t\t\t\t<\/div>\n\t\t\t\t\t\t<\/div>\n\t\t\t\t<\/div>\n\t\t\t\t\t<\/div>\n\t\t<\/div>\n\t\t\t\t<div class=\"elementor-column elementor-col-33 elementor-inner-column elementor-element elementor-element-1fc7953\" data-id=\"1fc7953\" data-element_type=\"column\" data-e-type=\"column\">\n\t\t\t<div class=\"elementor-widget-wrap elementor-element-populated\">\n\t\t\t\t\t\t<div class=\"elementor-element elementor-element-7db680d7 ha-infobox-media-dir-top elementor-widget elementor-widget-ha-infobox happy-addon ha-infobox\" data-id=\"7db680d7\" data-element_type=\"widget\" data-e-type=\"widget\" data-widget_type=\"ha-infobox.default\">\n\t\t\t\t<div class=\"elementor-widget-container\">\n\t\t\t\t\t\n\t\t\t\t\t<figure class=\"ha-infobox-figure ha-infobox-figure--icon\">\n\t\t\t\t<i class=\"fab fa-wpforms\"><\/i>\t\t\t<\/figure>\n\t\t\n\t\t<div class=\"ha-infobox-body\">\n\t\t\t<h2 class=\"ha-infobox-title\">Incluir formul\u00e1rios da Web <\/h2>\n\t\t\t\t\t\t\t<div class=\"ha-infobox-text\">\n\t\t\t\t\t<p>Inclua formul\u00e1rios curtos ou longos, com ou sem perfil progressivo, em suas p\u00e1ginas para convidar seu p\u00fablico a iniciar uma conversa com voc\u00ea, compartilhando suas informa\u00e7\u00f5es.<\/p>\n\t\t\t\t<\/div>\n\t\t\t\n\t\t\t\t\t<\/div>\n\t\t\t\t\t\t<\/div>\n\t\t\t\t<\/div>\n\t\t\t\t\t<\/div>\n\t\t<\/div>\n\t\t\t\t\t<\/div>\n\t\t<\/section>\n\t\t\t\t<section class=\"elementor-section elementor-inner-section elementor-element elementor-element-7247d360 elementor-section-boxed elementor-section-height-default elementor-section-height-default\" data-id=\"7247d360\" data-element_type=\"section\" data-e-type=\"section\" data-settings=\"{&quot;_ha_eqh_enable&quot;:false}\">\n\t\t\t\t\t\t<div class=\"elementor-container elementor-column-gap-default\">\n\t\t\t\t\t<div class=\"elementor-column elementor-col-100 elementor-inner-column elementor-element elementor-element-1e6aaf8d\" data-id=\"1e6aaf8d\" data-element_type=\"column\" data-e-type=\"column\">\n\t\t\t<div class=\"elementor-widget-wrap elementor-element-populated\">\n\t\t\t\t\t\t<div class=\"elementor-element elementor-element-63a99cb3 elementor-widget elementor-widget-text-editor\" data-id=\"63a99cb3\" data-element_type=\"widget\" data-e-type=\"widget\" data-widget_type=\"text-editor.default\">\n\t\t\t\t<div class=\"elementor-widget-container\">\n\t\t\t\t\t\t\t\t\t<p style=\"text-align: justify;\"><span style=\"font-size: 12pt;\">Customize o layout, o conte\u00fado e os formul\u00e1rios de convers\u00e3o da sua landing page num piscar de olhos. Crie formul\u00e1rios para converter leads usando nossa interface simples de arrastar e soltar campos. \u00c9 f\u00e1cil, r\u00e1pido e din\u00e2mico!<\/span><\/p><p style=\"text-align: justify;\"><span style=\"font-size: 12pt;\">Personalize e impressione com os conte\u00fados exibidos, redirecionando os seus visitantes para um link ou download de arquivo que vai de acordo com o seu interesse.<\/span><\/p><p style=\"text-align: justify;\"><span style=\"font-size: 12pt;\">Torne \u00fanica a experi\u00eancia de quem visualiza a sua p\u00e1gina de convers\u00e3o!<\/span><\/p><p style=\"text-align: justify;\"><span style=\"font-size: 12pt;\">Acompanhe os registros e visualiza\u00e7\u00f5es de cada landing page e identifique as que mais geraram convers\u00e3o. Tudo isso em um \u00fanico ambiente!<\/span><\/p>\t\t\t\t\t\t\t\t<\/div>\n\t\t\t\t<\/div>\n\t\t\t\t\t<\/div>\n\t\t<\/div>\n\t\t\t\t\t<\/div>\n\t\t<\/section>\n\t\t\t\t\t<\/div>\n\t\t<\/div>\n\t\t\t\t\t<\/div>\n\t\t<\/section>\n\t\t\t\t<section class=\"elementor-section elementor-top-section elementor-element elementor-element-581762c7 elementor-section-boxed elementor-section-height-default elementor-section-height-default\" data-id=\"581762c7\" data-element_type=\"section\" data-e-type=\"section\" id=\"landing-page-profissional\" data-settings=\"{&quot;background_background&quot;:&quot;classic&quot;,&quot;_ha_eqh_enable&quot;:false}\">\n\t\t\t\t\t\t<div class=\"elementor-container elementor-column-gap-default\">\n\t\t\t\t\t<div class=\"elementor-column elementor-col-100 elementor-top-column elementor-element elementor-element-5bbb41f6\" data-id=\"5bbb41f6\" data-element_type=\"column\" data-e-type=\"column\">\n\t\t\t<div class=\"elementor-widget-wrap elementor-element-populated\">\n\t\t\t\t\t\t<section class=\"elementor-section elementor-top-section elementor-element elementor-element-5ec16187 elementor-section-boxed elementor-section-height-default elementor-section-height-default\" data-id=\"5ec16187\" data-element_type=\"section\" data-e-type=\"section\" data-settings=\"{&quot;_ha_eqh_enable&quot;:false}\">\n\t\t\t\t\t\t<div class=\"elementor-container elementor-column-gap-default\">\n\t\t\t\t\t<div class=\"elementor-column elementor-col-100 elementor-top-column elementor-element elementor-element-579dc91a\" data-id=\"579dc91a\" data-element_type=\"column\" data-e-type=\"column\">\n\t\t\t<div class=\"elementor-widget-wrap elementor-element-populated\">\n\t\t\t\t\t\t<div class=\"elementor-element elementor-element-74f28aad elementor-widget elementor-widget-heading\" data-id=\"74f28aad\" data-element_type=\"widget\" data-e-type=\"widget\" data-widget_type=\"heading.default\">\n\t\t\t\t<div class=\"elementor-widget-container\">\n\t\t\t\t\t<h1 class=\"elementor-heading-title elementor-size-default\">Cria\u00e7\u00e3o de Landing Page <\/h1>\t\t\t\t<\/div>\n\t\t\t\t<\/div>\n\t\t\t\t<div class=\"elementor-element elementor-element-3d5ad256 elementor-widget elementor-widget-heading\" data-id=\"3d5ad256\" data-element_type=\"widget\" data-e-type=\"widget\" data-widget_type=\"heading.default\">\n\t\t\t\t<div class=\"elementor-widget-container\">\n\t\t\t\t\t<h2 class=\"elementor-heading-title elementor-size-small\">Nossas landing pages s\u00e3o criadas de forma muito espec\u00edfica, com a garantia de que a pessoa que acess\u00e1-la ver\u00e1 exclusivamente as informa\u00e7\u00f5es que lhe interessam, sem conte\u00fados que possam poluir a p\u00e1gina ou tirar o foco do usu\u00e1rio<\/h2>\t\t\t\t<\/div>\n\t\t\t\t<\/div>\n\t\t\t\t\t<\/div>\n\t\t<\/div>\n\t\t\t\t\t<\/div>\n\t\t<\/section>\n\t\t\t\t<section class=\"elementor-section elementor-top-section elementor-element elementor-element-12bde299 elementor-section-boxed elementor-section-height-default elementor-section-height-default\" data-id=\"12bde299\" data-element_type=\"section\" data-e-type=\"section\" data-settings=\"{&quot;_ha_eqh_enable&quot;:false}\">\n\t\t\t\t\t\t<div class=\"elementor-container elementor-column-gap-default\">\n\t\t\t\t\t<div class=\"elementor-column elementor-col-33 elementor-top-column elementor-element elementor-element-84b6ea8\" data-id=\"84b6ea8\" data-element_type=\"column\" data-e-type=\"column\">\n\t\t\t<div class=\"elementor-widget-wrap elementor-element-populated\">\n\t\t\t\t\t\t<div class=\"elementor-element elementor-element-98f5cdf ha-infobox-media-dir-top elementor-widget elementor-widget-ha-infobox happy-addon ha-infobox\" data-id=\"98f5cdf\" data-element_type=\"widget\" data-e-type=\"widget\" data-widget_type=\"ha-infobox.default\">\n\t\t\t\t<div class=\"elementor-widget-container\">\n\t\t\t\t\t\n\t\t\t\t\t<figure class=\"ha-infobox-figure ha-infobox-figure--icon\">\n\t\t\t\t<i class=\"far fa-star\"><\/i>\t\t\t<\/figure>\n\t\t\n\t\t<div class=\"ha-infobox-body\">\n\t\t\t<h2 class=\"ha-infobox-title\">Clareza<\/h2>\n\t\t\t\t\t\t\t<div class=\"ha-infobox-text\">\n\t\t\t\t\t<p>\u00e9 essencial que o visitante saiba do que a p\u00e1gina se trata e quais s\u00e3o os produtos ou servi\u00e7os oferecidos pela empresa naquela ocasi\u00e3o em um per\u00edodo m\u00e1ximo de 5 segundos. Isso garante que a p\u00e1gina est\u00e1 clara e consegue transmitir exatamente a mensagem esperada.<\/p>\n\t\t\t\t<\/div>\n\t\t\t\n\t\t\t\t\t<\/div>\n\t\t\t\t\t\t<\/div>\n\t\t\t\t<\/div>\n\t\t\t\t\t<\/div>\n\t\t<\/div>\n\t\t\t\t<div class=\"elementor-column elementor-col-33 elementor-top-column elementor-element elementor-element-3ee37a47\" data-id=\"3ee37a47\" data-element_type=\"column\" data-e-type=\"column\">\n\t\t\t<div class=\"elementor-widget-wrap elementor-element-populated\">\n\t\t\t\t\t\t<div class=\"elementor-element elementor-element-18d70da9 ha-infobox-media-dir-top elementor-widget elementor-widget-ha-infobox happy-addon ha-infobox\" data-id=\"18d70da9\" data-element_type=\"widget\" data-e-type=\"widget\" data-widget_type=\"ha-infobox.default\">\n\t\t\t\t<div class=\"elementor-widget-container\">\n\t\t\t\t\t\n\t\t\t\t\t<figure class=\"ha-infobox-figure ha-infobox-figure--icon\">\n\t\t\t\t<i class=\"hm hm-graph-pie\"><\/i>\t\t\t<\/figure>\n\t\t\n\t\t<div class=\"ha-infobox-body\">\n\t\t\t<h2 class=\"ha-infobox-title\">call-to-action eficiente<\/h2>\n\t\t\t\t\t\t\t<div class=\"ha-infobox-text\">\n\t\t\t\t\t<p>Esse recurso, tamb\u00e9m conhecido como CTA, indica o que o usu\u00e1rio pode fazer naquela p\u00e1gina, como a solicita\u00e7\u00e3o de um or\u00e7amento ou o download de um arquivo. A forma com a qual esse call-to-action \u00e9 exibido e o texto que \u00e9 utilizado na chamada s\u00e3o essenciais para que o cliente passe para uma etapa posterior do funil de convers\u00e3o.<\/p>\n\t\t\t\t<\/div>\n\t\t\t\n\t\t\t\t\t<\/div>\n\t\t\t\t\t\t<\/div>\n\t\t\t\t<\/div>\n\t\t\t\t\t<\/div>\n\t\t<\/div>\n\t\t\t\t<div class=\"elementor-column elementor-col-33 elementor-top-column elementor-element elementor-element-5a428041\" data-id=\"5a428041\" data-element_type=\"column\" data-e-type=\"column\">\n\t\t\t<div class=\"elementor-widget-wrap elementor-element-populated\">\n\t\t\t\t\t\t<div class=\"elementor-element elementor-element-1df06b0f ha-infobox-media-dir-top elementor-widget elementor-widget-ha-infobox happy-addon ha-infobox\" data-id=\"1df06b0f\" data-element_type=\"widget\" data-e-type=\"widget\" data-widget_type=\"ha-infobox.default\">\n\t\t\t\t<div class=\"elementor-widget-container\">\n\t\t\t\t\t\n\t\t\t\t\t<figure class=\"ha-infobox-figure ha-infobox-figure--icon\">\n\t\t\t\t<i class=\"hm hm-target-arrow\"><\/i>\t\t\t<\/figure>\n\t\t\n\t\t<div class=\"ha-infobox-body\">\n\t\t\t<h2 class=\"ha-infobox-title\">Leveza e objetividade<\/h2>\n\t\t\t\t\t\t\t<div class=\"ha-infobox-text\">\n\t\t\t\t\t<p>A cria\u00e7\u00e3o de landing page deve ser feita com um layout bem leve e que evidencie apenas as informa\u00e7\u00f5es importantes da p\u00e1gina, que devem ser expostas de forma objetiva. Assim, o cliente n\u00e3o ter\u00e1 nenhuma d\u00favida no que tem que fazer.<\/p>\n\t\t\t\t<\/div>\n\t\t\t\n\t\t\t\t\t<\/div>\n\t\t\t\t\t\t<\/div>\n\t\t\t\t<\/div>\n\t\t\t\t\t<\/div>\n\t\t<\/div>\n\t\t\t\t\t<\/div>\n\t\t<\/section>\n\t\t\t\t<section class=\"elementor-section elementor-top-section elementor-element elementor-element-e54d2ff elementor-section-boxed elementor-section-height-default elementor-section-height-default\" data-id=\"e54d2ff\" data-element_type=\"section\" data-e-type=\"section\" data-settings=\"{&quot;_ha_eqh_enable&quot;:false}\">\n\t\t\t\t\t\t<div class=\"elementor-container elementor-column-gap-default\">\n\t\t\t\t\t<div class=\"elementor-column elementor-col-33 elementor-top-column elementor-element elementor-element-212dd52e\" data-id=\"212dd52e\" data-element_type=\"column\" data-e-type=\"column\">\n\t\t\t<div class=\"elementor-widget-wrap elementor-element-populated\">\n\t\t\t\t\t\t<div class=\"elementor-element elementor-element-17a24951 ha-infobox-media-dir-top elementor-widget elementor-widget-ha-infobox happy-addon ha-infobox\" data-id=\"17a24951\" data-element_type=\"widget\" data-e-type=\"widget\" data-widget_type=\"ha-infobox.default\">\n\t\t\t\t<div class=\"elementor-widget-container\">\n\t\t\t\t\t\n\t\t\t\t\t<figure class=\"ha-infobox-figure ha-infobox-figure--icon\">\n\t\t\t\t<i class=\"hm hm-tv\"><\/i>\t\t\t<\/figure>\n\t\t\n\t\t<div class=\"ha-infobox-body\">\n\t\t\t<h2 class=\"ha-infobox-title\">Recursos Visuais<\/h2>\n\t\t\t\t\t\t\t<div class=\"ha-infobox-text\">\n\t\t\t\t\t<p>Utilizar imagens \u00e9 uma excelente forma de passar informa\u00e7\u00f5es aos clientes e prender sua aten\u00e7\u00e3o. Por\u00e9m, \u00e9 importante que sejam escolhidas as imagens corretas e que elas sejam devidamente posicionadas na p\u00e1gina, o que poder\u00e1 aumentar consideravelmente a taxa de convers\u00e3o.<\/p>\n\t\t\t\t<\/div>\n\t\t\t\n\t\t\t\t\t<\/div>\n\t\t\t\t\t\t<\/div>\n\t\t\t\t<\/div>\n\t\t\t\t\t<\/div>\n\t\t<\/div>\n\t\t\t\t<div class=\"elementor-column elementor-col-33 elementor-top-column elementor-element elementor-element-474f4fef\" data-id=\"474f4fef\" data-element_type=\"column\" data-e-type=\"column\">\n\t\t\t<div class=\"elementor-widget-wrap elementor-element-populated\">\n\t\t\t\t\t\t<div class=\"elementor-element elementor-element-6a0f15c2 ha-infobox-media-dir-top elementor-widget elementor-widget-ha-infobox happy-addon ha-infobox\" data-id=\"6a0f15c2\" data-element_type=\"widget\" data-e-type=\"widget\" data-widget_type=\"ha-infobox.default\">\n\t\t\t\t<div class=\"elementor-widget-container\">\n\t\t\t\t\t\n\t\t\t\t\t<figure class=\"ha-infobox-figure ha-infobox-figure--icon\">\n\t\t\t\t<i class=\"hm hm-code-clean\"><\/i>\t\t\t<\/figure>\n\t\t\n\t\t<div class=\"ha-infobox-body\">\n\t\t\t<h2 class=\"ha-infobox-title\">Testes A\/B<\/h2>\n\t\t\t\t\t\t\t<div class=\"ha-infobox-text\">\n\t\t\t\t\t<p>Testes A\/B, onde diferentes vers\u00f5es da mesma landing page s\u00e3o testadas para que se verifique qual delas proporciona melhores resultados. Isso garante que a p\u00e1gina escolhida seja realmente a mais eficiente.<\/p>\n\t\t\t\t<\/div>\n\t\t\t\n\t\t\t\t\t<\/div>\n\t\t\t\t\t\t<\/div>\n\t\t\t\t<\/div>\n\t\t\t\t\t<\/div>\n\t\t<\/div>\n\t\t\t\t<div class=\"elementor-column elementor-col-33 elementor-top-column elementor-element elementor-element-2378c5c6\" data-id=\"2378c5c6\" data-element_type=\"column\" data-e-type=\"column\">\n\t\t\t<div class=\"elementor-widget-wrap elementor-element-populated\">\n\t\t\t\t\t\t<div class=\"elementor-element elementor-element-45e7d7a9 ha-infobox-media-dir-top elementor-widget elementor-widget-ha-infobox happy-addon ha-infobox\" data-id=\"45e7d7a9\" data-element_type=\"widget\" data-e-type=\"widget\" data-widget_type=\"ha-infobox.default\">\n\t\t\t\t<div class=\"elementor-widget-container\">\n\t\t\t\t\t\n\t\t\t\t\t<figure class=\"ha-infobox-figure ha-infobox-figure--icon\">\n\t\t\t\t<i class=\"far fa-check-circle\"><\/i>\t\t\t<\/figure>\n\t\t\n\t\t<div class=\"ha-infobox-body\">\n\t\t\t<h2 class=\"ha-infobox-title\">Aumento da lucratividade<\/h2>\n\t\t\t\t\t\t\t<div class=\"ha-infobox-text\">\n\t\t\t\t\t<p>O foco da Ag\u00eancia M\u00eddia Criativa \u00e9 sempre oferecer a cria\u00e7\u00e3o de landing pages que tragam, comprovadamente, os melhores resultados poss\u00edveis ao cliente, de modo a aumentar a quantidade de leads qualificados que contribuir\u00e3o para o crescimento da empresa e para o aumento de sua lucratividade.<\/p>\n\t\t\t\t<\/div>\n\t\t\t\n\t\t\t\t\t<\/div>\n\t\t\t\t\t\t<\/div>\n\t\t\t\t<\/div>\n\t\t\t\t\t<\/div>\n\t\t<\/div>\n\t\t\t\t\t<\/div>\n\t\t<\/section>\n\t\t\t\t\t<\/div>\n\t\t<\/div>\n\t\t\t\t\t<\/div>\n\t\t<\/section>\n\t\t\t\t<\/div>\n\t\t","protected":false},"excerpt":{"rendered":"<p>Landing Page Personalize facilmente p\u00e1ginas de destino individuais para cada iniciativa com conte\u00fado personalizado e estilo otimizado para seu p\u00fablico-alvo. [&hellip;]<\/p>\n","protected":false},"author":1,"featured_media":0,"parent":0,"menu_order":0,"comment_status":"closed","ping_status":"closed","template":"","meta":{"site-sidebar-layout":"default","site-content-layout":"","ast-site-content-layout":"default","site-content-style":"default","site-sidebar-style":"default","ast-global-header-display":"","ast-banner-title-visibility":"","ast-main-header-display":"","ast-hfb-above-header-display":"","ast-hfb-below-header-display":"","ast-hfb-mobile-header-display":"","site-post-title":"","ast-breadcrumbs-content":"","ast-featured-img":"","footer-sml-layout":"","ast-disable-related-posts":"","theme-transparent-header-meta":"","adv-header-id-meta":"","stick-header-meta":"","header-above-stick-meta":"","header-main-stick-meta":"","header-below-stick-meta":"","astra-migrate-meta-layouts":"default","ast-page-background-enabled":"default","ast-page-background-meta":{"desktop":{"background-color":"var(--ast-global-color-5)","background-image":"","background-repeat":"repeat","background-position":"center center","background-size":"auto","background-attachment":"scroll","background-type":"","background-media":"","overlay-type":"","overlay-color":"","overlay-opacity":"","overlay-gradient":""},"tablet":{"background-color":"","background-image":"","background-repeat":"repeat","background-position":"center center","background-size":"auto","background-attachment":"scroll","background-type":"","background-media":"","overlay-type":"","overlay-color":"","overlay-opacity":"","overlay-gradient":""},"mobile":{"background-color":"","background-image":"","background-repeat":"repeat","background-position":"center center","background-size":"auto","background-attachment":"scroll","background-type":"","background-media":"","overlay-type":"","overlay-color":"","overlay-opacity":"","overlay-gradient":""}},"ast-content-background-meta":{"desktop":{"background-color":"var(--ast-global-color-4)","background-image":"","background-repeat":"repeat","background-position":"center center","background-size":"auto","background-attachment":"scroll","background-type":"","background-media":"","overlay-type":"","overlay-color":"","overlay-opacity":"","overlay-gradient":""},"tablet":{"background-color":"var(--ast-global-color-4)","background-image":"","background-repeat":"repeat","background-position":"center center","background-size":"auto","background-attachment":"scroll","background-type":"","background-media":"","overlay-type":"","overlay-color":"","overlay-opacity":"","overlay-gradient":""},"mobile":{"background-color":"var(--ast-global-color-4)","background-image":"","background-repeat":"repeat","background-position":"center center","background-size":"auto","background-attachment":"scroll","background-type":"","background-media":"","overlay-type":"","overlay-color":"","overlay-opacity":"","overlay-gradient":""}},"footnotes":""},"class_list":["post-1388","page","type-page","status-publish","hentry"],"_links":{"self":[{"href":"https:\/\/wsolut.com\/es\/wp-json\/wp\/v2\/pages\/1388","targetHints":{"allow":["GET"]}}],"collection":[{"href":"https:\/\/wsolut.com\/es\/wp-json\/wp\/v2\/pages"}],"about":[{"href":"https:\/\/wsolut.com\/es\/wp-json\/wp\/v2\/types\/page"}],"author":[{"embeddable":true,"href":"https:\/\/wsolut.com\/es\/wp-json\/wp\/v2\/users\/1"}],"replies":[{"embeddable":true,"href":"https:\/\/wsolut.com\/es\/wp-json\/wp\/v2\/comments?post=1388"}],"version-history":[{"count":7,"href":"https:\/\/wsolut.com\/es\/wp-json\/wp\/v2\/pages\/1388\/revisions"}],"predecessor-version":[{"id":1426,"href":"https:\/\/wsolut.com\/es\/wp-json\/wp\/v2\/pages\/1388\/revisions\/1426"}],"wp:attachment":[{"href":"https:\/\/wsolut.com\/es\/wp-json\/wp\/v2\/media?parent=1388"}],"curies":[{"name":"wp","href":"https:\/\/api.w.org\/{rel}","templated":true}]}}